{"id":1186,"date":"2024-04-04T21:21:26","date_gmt":"2024-04-04T21:21:26","guid":{"rendered":"https:\/\/www.tenminste.com\/migracion\/?post_type=product&#038;p=1186"},"modified":"2024-06-21T03:41:16","modified_gmt":"2024-06-21T03:41:16","slug":"linea-free-epta-inks","status":"publish","type":"product","link":"https:\/\/www.tenminste.com\/migracion\/index.php\/producto\/linea-free-epta-inks\/","title":{"rendered":"L\u00ednea Free de Eptainks &#8211; Libre de PVC y Ftalatos"},"content":{"rendered":"<p>La <strong>L\u00ednea FREE de EPTA INKS<\/strong> con <u>Certificado GOTS\u00ae y OEKO-TEX\u00ae Eco Passport,<\/u> es una gama de tintas ecol\u00f3gicas para estampaci\u00f3n textil <strong>libres de PVC y Ftalatos. <\/strong>Son tintas base agua, sin componentes t\u00f3xicos, que cumplen con estrictas normas ambientales. Se caracterizan por su alta calidad y durabilidad, con colores intensos resistentes al uso y al lavado. Son aptas para distintos tejidos y t\u00e9cnicas de estampaci\u00f3n. Su proceso reduce el consumo de recursos y el impacto ambiental.<\/p>\n<p><span class=\"BxUVEf ILfuVd\" lang=\"es\"><span class=\"hgKElc\">\u00a0<\/span><\/span><\/p>\n","protected":false},"excerpt":{"rendered":"<p><span class=\"BxUVEf ILfuVd\" lang=\"es\"><span class=\"hgKElc\">La <strong>L\u00ednea FREE de EPTA INKS<\/strong> con <u>Certificado GOTS\u00ae y OEKO-TEX\u00ae Eco Passport,<\/u> es una gama de tintas ecol\u00f3gicas para estampaci\u00f3n textil <strong>libres de PVC y Ftalatos. <\/strong>Son tintas base agua, sin componentes t\u00f3xicos, que cumplen con estrictas normas ambientales. Se caracterizan por su alta calidad y durabilidad, con colores intensos resistentes al uso y al lavado. Son aptas para distintos tejidos y t\u00e9cnicas de estampaci\u00f3n. Su proceso reduce el consumo de recursos y el impacto ambiental.<\/span><\/span><\/p>\n<p><a style=\"display: inline-block; background-color: #14437f; color: #ffffff; padding: 6px 12px; font-size: 14px; border-radius: 11px; text-decoration: none; width: 89px; height: 33px; line-height: 22px; text-align: center; box-sizing: border-box;\" href=\"https:\/\/www.tenminste.com\/migracion\/index.php\/textil\/\">&lt; Atr\u00e1s <\/a> <a style=\"display: inline-block; background-color: #14437f; color: #ffffff; padding: 6px 12px; font-size: 14px; border-radius: 11px; text-decoration: none; width: 106px; height: 33px; line-height: 22px; text-align: center; box-sizing: border-box;\" href=\"mailto:info@tenminste.com?subject=Solicitud%20de%20informaci\u00f3n\">Consultar &gt;<br \/>\n<\/a><\/p>\n","protected":false},"featured_media":2615,"template":"","meta":{"site-sidebar-layout":"default","site-content-layout":"","ast-site-content-layout":"default","site-content-style":"default","site-sidebar-style":"default","ast-global-header-display":"","ast-banner-title-visibility":"","ast-main-header-display":"","ast-hfb-above-header-display":"","ast-hfb-below-header-display":"","ast-hfb-mobile-header-display":"","site-post-title":"","ast-breadcrumbs-content":"","ast-featured-img":"","footer-sml-layout":"","theme-transparent-header-meta":"default","adv-header-id-meta":"","stick-header-meta":"","header-above-stick-meta":"","header-main-stick-meta":"","header-below-stick-meta":"","astra-migrate-meta-layouts":"set","ast-page-background-enabled":"default","ast-page-background-meta":{"desktop":{"background-color":"var(--ast-global-color-4)","background-image":"","background-repeat":"repeat","background-position":"center center","background-size":"auto","background-attachment":"scroll","background-type":"","background-media":"","overlay-type":"","overlay-color":"","overlay-gradient":""},"tablet":{"background-color":"","background-image":"","background-repeat":"repeat","background-position":"center center","background-size":"auto","background-attachment":"scroll","background-type":"","background-media":"","overlay-type":"","overlay-color":"","overlay-gradient":""},"mobile":{"background-color":"","background-image":"","background-repeat":"repeat","background-position":"center center","background-size":"auto","background-attachment":"scroll","background-type":"","background-media":"","overlay-type":"","overlay-color":"","overlay-gradient":""}},"ast-content-background-meta":{"desktop":{"background-color":"var(--ast-global-color-5)","background-image":"","background-repeat":"repeat","background-position":"center center","background-size":"auto","background-attachment":"scroll","background-type":"","background-media":"","overlay-type":"","overlay-color":"","overlay-gradient":""},"tablet":{"background-color":"var(--ast-global-color-5)","background-image":"","background-repeat":"repeat","background-position":"center center","background-size":"auto","background-attachment":"scroll","background-type":"","background-media":"","overlay-type":"","overlay-color":"","overlay-gradient":""},"mobile":{"background-color":"var(--ast-global-color-5)","background-image":"","background-repeat":"repeat","background-position":"center center","background-size":"auto","background-attachment":"scroll","background-type":"","background-media":"","overlay-type":"","overlay-color":"","overlay-gradient":""}}},"product_cat":[40],"product_tag":[],"yoast_head":"<!-- This site is optimized with the Yoast SEO plugin v22.2 - https:\/\/yoast.com\/wordpress\/plugins\/seo\/ -->\n<title>L\u00ednea Free de Eptainks - Libre de PVC y Ftalatos - Tenminste SAC<\/title>\n<meta name=\"description\" content=\"La L\u00ednea FREE de EPTA INKS con Certificado GOTS\u00ae y OEKO-TEX\u00ae Eco Passport, es una gama de tintas ecol\u00f3gicas para estampaci\u00f3n textil libres de PVC y Ftalatos...\" \/>\n<meta name=\"robots\" content=\"index, follow, max-snippet:-1, max-image-preview:large, max-video-preview:-1\" \/>\n<link rel=\"canonical\" href=\"https:\/\/www.tenminste.com\/migracion\/index.php\/producto\/linea-free-epta-inks\/\" \/>\n<meta property=\"og:locale\" content=\"es_ES\" \/>\n<meta property=\"og:type\" content=\"article\" \/>\n<meta property=\"og:title\" content=\"L\u00ednea Free de Eptainks - Libre de PVC y Ftalatos - Tenminste SAC\" \/>\n<meta property=\"og:description\" content=\"La L\u00ednea FREE de EPTA INKS con Certificado GOTS\u00ae y OEKO-TEX\u00ae Eco Passport, es una gama de tintas ecol\u00f3gicas para estampaci\u00f3n textil libres de PVC y Ftalatos...\" \/>\n<meta property=\"og:url\" content=\"https:\/\/www.tenminste.com\/migracion\/index.php\/producto\/linea-free-epta-inks\/\" \/>\n<meta property=\"og:site_name\" content=\"Tenminste SAC\" \/>\n<meta property=\"article:modified_time\" content=\"2024-06-21T03:41:16+00:00\" \/>\n<meta property=\"og:image\" content=\"https:\/\/www.tenminste.com\/migracion\/wp-content\/uploads\/2024\/04\/zzzz_Epta_Ink_Tintas_eco__________2024_______B.jpg\" \/>\n\t<meta property=\"og:image:width\" content=\"600\" \/>\n\t<meta property=\"og:image:height\" content=\"600\" \/>\n\t<meta property=\"og:image:type\" content=\"image\/jpeg\" \/>\n<meta name=\"twitter:card\" content=\"summary_large_image\" \/>\n<meta name=\"twitter:label1\" content=\"Tiempo de lectura\" \/>\n\t<meta name=\"twitter:data1\" content=\"1 minuto\" \/>\n<script type=\"application\/ld+json\" class=\"yoast-schema-graph\">{\"@context\":\"https:\/\/schema.org\",\"@graph\":[{\"@type\":\"WebPage\",\"@id\":\"https:\/\/www.tenminste.com\/migracion\/index.php\/producto\/linea-free-epta-inks\/\",\"url\":\"https:\/\/www.tenminste.com\/migracion\/index.php\/producto\/linea-free-epta-inks\/\",\"name\":\"L\u00ednea Free de Eptainks - Libre de PVC y Ftalatos - Tenminste SAC\",\"isPartOf\":{\"@id\":\"https:\/\/www.tenminste.com\/migracion\/#website\"},\"primaryImageOfPage\":{\"@id\":\"https:\/\/www.tenminste.com\/migracion\/index.php\/producto\/linea-free-epta-inks\/#primaryimage\"},\"image\":{\"@id\":\"https:\/\/www.tenminste.com\/migracion\/index.php\/producto\/linea-free-epta-inks\/#primaryimage\"},\"thumbnailUrl\":\"https:\/\/www.tenminste.com\/migracion\/wp-content\/uploads\/2024\/04\/zzzz_Epta_Ink_Tintas_eco__________2024_______B.jpg\",\"datePublished\":\"2024-04-04T21:21:26+00:00\",\"dateModified\":\"2024-06-21T03:41:16+00:00\",\"description\":\"La L\u00ednea FREE de EPTA INKS con Certificado GOTS\u00ae y OEKO-TEX\u00ae Eco Passport, es una gama de tintas ecol\u00f3gicas para estampaci\u00f3n textil libres de PVC y Ftalatos...\",\"breadcrumb\":{\"@id\":\"https:\/\/www.tenminste.com\/migracion\/index.php\/producto\/linea-free-epta-inks\/#breadcrumb\"},\"inLanguage\":\"es\",\"potentialAction\":[{\"@type\":\"ReadAction\",\"target\":[\"https:\/\/www.tenminste.com\/migracion\/index.php\/producto\/linea-free-epta-inks\/\"]}]},{\"@type\":\"ImageObject\",\"inLanguage\":\"es\",\"@id\":\"https:\/\/www.tenminste.com\/migracion\/index.php\/producto\/linea-free-epta-inks\/#primaryimage\",\"url\":\"https:\/\/www.tenminste.com\/migracion\/wp-content\/uploads\/2024\/04\/zzzz_Epta_Ink_Tintas_eco__________2024_______B.jpg\",\"contentUrl\":\"https:\/\/www.tenminste.com\/migracion\/wp-content\/uploads\/2024\/04\/zzzz_Epta_Ink_Tintas_eco__________2024_______B.jpg\",\"width\":600,\"height\":600},{\"@type\":\"BreadcrumbList\",\"@id\":\"https:\/\/www.tenminste.com\/migracion\/index.php\/producto\/linea-free-epta-inks\/#breadcrumb\",\"itemListElement\":[{\"@type\":\"ListItem\",\"position\":1,\"name\":\"Portada\",\"item\":\"https:\/\/www.tenminste.com\/migracion\/\"},{\"@type\":\"ListItem\",\"position\":2,\"name\":\"Productos\",\"item\":\"https:\/\/www.tenminste.com\/migracion\/index.php\/tienda\/\"},{\"@type\":\"ListItem\",\"position\":3,\"name\":\"L\u00ednea Free de Eptainks &#8211; Libre de PVC y Ftalatos\"}]},{\"@type\":\"WebSite\",\"@id\":\"https:\/\/www.tenminste.com\/migracion\/#website\",\"url\":\"https:\/\/www.tenminste.com\/migracion\/\",\"name\":\"Tenminste SAC\",\"description\":\"Somos una empresa peruana l\u00edder en importaci\u00f3n, comercializaci\u00f3n y distribuci\u00f3n de productos qu\u00edmicos. Cumplimos 29 a\u00f1os de \u00e9xito en el mercado y nos enorgullece ofrecer soluciones comerciales integrales a nivel nacional a toda escala para diferentes Industrias: tales c\u00f3mo la textil, lavander\u00eda, tintorer\u00eda, resinas, papel, cemento, pinturas arquitect\u00f3nicas, cosm\u00e9tica, construcci\u00f3n, entre otras. \",\"publisher\":{\"@id\":\"https:\/\/www.tenminste.com\/migracion\/#organization\"},\"potentialAction\":[{\"@type\":\"SearchAction\",\"target\":{\"@type\":\"EntryPoint\",\"urlTemplate\":\"https:\/\/www.tenminste.com\/migracion\/?s={search_term_string}\"},\"query-input\":\"required name=search_term_string\"}],\"inLanguage\":\"es\"},{\"@type\":\"Organization\",\"@id\":\"https:\/\/www.tenminste.com\/migracion\/#organization\",\"name\":\"Tenminste SAC\",\"url\":\"https:\/\/www.tenminste.com\/migracion\/\",\"logo\":{\"@type\":\"ImageObject\",\"inLanguage\":\"es\",\"@id\":\"https:\/\/www.tenminste.com\/migracion\/#\/schema\/logo\/image\/\",\"url\":\"https:\/\/www.tenminste.com\/migracion\/wp-content\/uploads\/2024\/06\/Log_Nuevaweb_2024_SAC__Logo_final.png\",\"contentUrl\":\"https:\/\/www.tenminste.com\/migracion\/wp-content\/uploads\/2024\/06\/Log_Nuevaweb_2024_SAC__Logo_final.png\",\"width\":234,\"height\":60,\"caption\":\"Tenminste SAC\"},\"image\":{\"@id\":\"https:\/\/www.tenminste.com\/migracion\/#\/schema\/logo\/image\/\"}}]}<\/script>\n<!-- \/ Yoast SEO plugin. -->","yoast_head_json":{"title":"L\u00ednea Free de Eptainks - Libre de PVC y Ftalatos - Tenminste SAC","description":"La L\u00ednea FREE de EPTA INKS con Certificado GOTS\u00ae y OEKO-TEX\u00ae Eco Passport, es una gama de tintas ecol\u00f3gicas para estampaci\u00f3n textil libres de PVC y Ftalatos...","robots":{"index":"index","follow":"follow","max-snippet":"max-snippet:-1","max-image-preview":"max-image-preview:large","max-video-preview":"max-video-preview:-1"},"canonical":"https:\/\/www.tenminste.com\/migracion\/index.php\/producto\/linea-free-epta-inks\/","og_locale":"es_ES","og_type":"article","og_title":"L\u00ednea Free de Eptainks - Libre de PVC y Ftalatos - Tenminste SAC","og_description":"La L\u00ednea FREE de EPTA INKS con Certificado GOTS\u00ae y OEKO-TEX\u00ae Eco Passport, es una gama de tintas ecol\u00f3gicas para estampaci\u00f3n textil libres de PVC y Ftalatos...","og_url":"https:\/\/www.tenminste.com\/migracion\/index.php\/producto\/linea-free-epta-inks\/","og_site_name":"Tenminste SAC","article_modified_time":"2024-06-21T03:41:16+00:00","og_image":[{"width":600,"height":600,"url":"https:\/\/www.tenminste.com\/migracion\/wp-content\/uploads\/2024\/04\/zzzz_Epta_Ink_Tintas_eco__________2024_______B.jpg","type":"image\/jpeg"}],"twitter_card":"summary_large_image","twitter_misc":{"Tiempo de lectura":"1 minuto"},"schema":{"@context":"https:\/\/schema.org","@graph":[{"@type":"WebPage","@id":"https:\/\/www.tenminste.com\/migracion\/index.php\/producto\/linea-free-epta-inks\/","url":"https:\/\/www.tenminste.com\/migracion\/index.php\/producto\/linea-free-epta-inks\/","name":"L\u00ednea Free de Eptainks - Libre de PVC y Ftalatos - Tenminste SAC","isPartOf":{"@id":"https:\/\/www.tenminste.com\/migracion\/#website"},"primaryImageOfPage":{"@id":"https:\/\/www.tenminste.com\/migracion\/index.php\/producto\/linea-free-epta-inks\/#primaryimage"},"image":{"@id":"https:\/\/www.tenminste.com\/migracion\/index.php\/producto\/linea-free-epta-inks\/#primaryimage"},"thumbnailUrl":"https:\/\/www.tenminste.com\/migracion\/wp-content\/uploads\/2024\/04\/zzzz_Epta_Ink_Tintas_eco__________2024_______B.jpg","datePublished":"2024-04-04T21:21:26+00:00","dateModified":"2024-06-21T03:41:16+00:00","description":"La L\u00ednea FREE de EPTA INKS con Certificado GOTS\u00ae y OEKO-TEX\u00ae Eco Passport, es una gama de tintas ecol\u00f3gicas para estampaci\u00f3n textil libres de PVC y Ftalatos...","breadcrumb":{"@id":"https:\/\/www.tenminste.com\/migracion\/index.php\/producto\/linea-free-epta-inks\/#breadcrumb"},"inLanguage":"es","potentialAction":[{"@type":"ReadAction","target":["https:\/\/www.tenminste.com\/migracion\/index.php\/producto\/linea-free-epta-inks\/"]}]},{"@type":"ImageObject","inLanguage":"es","@id":"https:\/\/www.tenminste.com\/migracion\/index.php\/producto\/linea-free-epta-inks\/#primaryimage","url":"https:\/\/www.tenminste.com\/migracion\/wp-content\/uploads\/2024\/04\/zzzz_Epta_Ink_Tintas_eco__________2024_______B.jpg","contentUrl":"https:\/\/www.tenminste.com\/migracion\/wp-content\/uploads\/2024\/04\/zzzz_Epta_Ink_Tintas_eco__________2024_______B.jpg","width":600,"height":600},{"@type":"BreadcrumbList","@id":"https:\/\/www.tenminste.com\/migracion\/index.php\/producto\/linea-free-epta-inks\/#breadcrumb","itemListElement":[{"@type":"ListItem","position":1,"name":"Portada","item":"https:\/\/www.tenminste.com\/migracion\/"},{"@type":"ListItem","position":2,"name":"Productos","item":"https:\/\/www.tenminste.com\/migracion\/index.php\/tienda\/"},{"@type":"ListItem","position":3,"name":"L\u00ednea Free de Eptainks &#8211; Libre de PVC y Ftalatos"}]},{"@type":"WebSite","@id":"https:\/\/www.tenminste.com\/migracion\/#website","url":"https:\/\/www.tenminste.com\/migracion\/","name":"Tenminste SAC","description":"Somos una empresa peruana l\u00edder en importaci\u00f3n, comercializaci\u00f3n y distribuci\u00f3n de productos qu\u00edmicos. Cumplimos 29 a\u00f1os de \u00e9xito en el mercado y nos enorgullece ofrecer soluciones comerciales integrales a nivel nacional a toda escala para diferentes Industrias: tales c\u00f3mo la textil, lavander\u00eda, tintorer\u00eda, resinas, papel, cemento, pinturas arquitect\u00f3nicas, cosm\u00e9tica, construcci\u00f3n, entre otras. ","publisher":{"@id":"https:\/\/www.tenminste.com\/migracion\/#organization"},"potentialAction":[{"@type":"SearchAction","target":{"@type":"EntryPoint","urlTemplate":"https:\/\/www.tenminste.com\/migracion\/?s={search_term_string}"},"query-input":"required name=search_term_string"}],"inLanguage":"es"},{"@type":"Organization","@id":"https:\/\/www.tenminste.com\/migracion\/#organization","name":"Tenminste SAC","url":"https:\/\/www.tenminste.com\/migracion\/","logo":{"@type":"ImageObject","inLanguage":"es","@id":"https:\/\/www.tenminste.com\/migracion\/#\/schema\/logo\/image\/","url":"https:\/\/www.tenminste.com\/migracion\/wp-content\/uploads\/2024\/06\/Log_Nuevaweb_2024_SAC__Logo_final.png","contentUrl":"https:\/\/www.tenminste.com\/migracion\/wp-content\/uploads\/2024\/06\/Log_Nuevaweb_2024_SAC__Logo_final.png","width":234,"height":60,"caption":"Tenminste SAC"},"image":{"@id":"https:\/\/www.tenminste.com\/migracion\/#\/schema\/logo\/image\/"}}]}},"_links":{"self":[{"href":"https:\/\/www.tenminste.com\/migracion\/index.php\/wp-json\/wp\/v2\/product\/1186"}],"collection":[{"href":"https:\/\/www.tenminste.com\/migracion\/index.php\/wp-json\/wp\/v2\/product"}],"about":[{"href":"https:\/\/www.tenminste.com\/migracion\/index.php\/wp-json\/wp\/v2\/types\/product"}],"wp:featuredmedia":[{"embeddable":true,"href":"https:\/\/www.tenminste.com\/migracion\/index.php\/wp-json\/wp\/v2\/media\/2615"}],"wp:attachment":[{"href":"https:\/\/www.tenminste.com\/migracion\/index.php\/wp-json\/wp\/v2\/media?parent=1186"}],"wp:term":[{"taxonomy":"product_cat","embeddable":true,"href":"https:\/\/www.tenminste.com\/migracion\/index.php\/wp-json\/wp\/v2\/product_cat?post=1186"},{"taxonomy":"product_tag","embeddable":true,"href":"https:\/\/www.tenminste.com\/migracion\/index.php\/wp-json\/wp\/v2\/product_tag?post=1186"}],"curies":[{"name":"wp","href":"https:\/\/api.w.org\/{rel}","templated":true}]}}