{"id":1165,"date":"2024-04-04T18:42:10","date_gmt":"2024-04-04T18:42:10","guid":{"rendered":"https:\/\/www.tenminste.com\/migracion\/?post_type=product&#038;p=1165"},"modified":"2024-06-04T13:08:40","modified_gmt":"2024-06-04T13:08:40","slug":"persulfato-de-sodio","status":"publish","type":"product","link":"https:\/\/www.tenminste.com\/migracion\/index.php\/producto\/persulfato-de-sodio\/","title":{"rendered":"Persulfato de sodio"},"content":{"rendered":"<p><span class=\"BxUVEf ILfuVd\" lang=\"es\"><span class=\"hgKElc\">El Persulfato de Sodio es el compuesto inorg\u00e1nico de f\u00f3rmula Na\u2082S\u2082O\u2088. Es la sal de sodio del \u00e1cido peroxidisulf\u00farico, H\u2082S\u2082O\u2088, un agente oxidante. Es un s\u00f3lido blanco que se disuelve en agua. Es casi no higrosc\u00f3pico y tiene una buena vida \u00fatil.<br \/>\n<\/span><\/span><\/p>\n","protected":false},"excerpt":{"rendered":"<p><span class=\"BxUVEf ILfuVd\" lang=\"es\"><span class=\"hgKElc\">El persulfato de sodio es el compuesto inorg\u00e1nico de f\u00f3rmula Na\u2082S\u2082O\u2088. Es la sal de sodio del \u00e1cido peroxidisulf\u00farico, H\u2082S\u2082O\u2088, un agente oxidante. Es un s\u00f3lido blanco que se disuelve en agua. Es casi no higrosc\u00f3pico y tiene una buena vida \u00fatil.<\/span><\/span><\/p>\n<p><a style=\"display: inline-block; background-color: #14437f; color: #ffffff; padding: 6px 12px; font-size: 14px; border-radius: 11px; text-decoration: none; width: 89px; height: 33px; line-height: 22px; text-align: center; box-sizing: border-box;\" href=\"https:\/\/www.tenminste.com\/migracion\/index.php\/resinas\/\">&lt; Atr\u00e1s <\/a>\u00a0\u00a0 <a style=\"display: inline-block; background-color: #14437f; color: #ffffff; padding: 6px 12px; font-size: 14px; border-radius: 11px; text-decoration: none; width: 106px; height: 33px; line-height: 22px; text-align: center; box-sizing: border-box;\" href=\"mailto:info@tenminste.com?subject=Solicitud%20de%20informaci\u00f3n\">Consultar &gt;<br \/>\n<\/a><\/p>\n","protected":false},"featured_media":1672,"template":"","meta":{"site-sidebar-layout":"default","site-content-layout":"","ast-site-content-layout":"default","site-content-style":"default","site-sidebar-style":"default","ast-global-header-display":"","ast-banner-title-visibility":"","ast-main-header-display":"","ast-hfb-above-header-display":"","ast-hfb-below-header-display":"","ast-hfb-mobile-header-display":"","site-post-title":"","ast-breadcrumbs-content":"","ast-featured-img":"","footer-sml-layout":"","theme-transparent-header-meta":"default","adv-header-id-meta":"","stick-header-meta":"","header-above-stick-meta":"","header-main-stick-meta":"","header-below-stick-meta":"","astra-migrate-meta-layouts":"set","ast-page-background-enabled":"default","ast-page-background-meta":{"desktop":{"background-color":"var(--ast-global-color-4)","background-image":"","background-repeat":"repeat","background-position":"center center","background-size":"auto","background-attachment":"scroll","background-type":"","background-media":"","overlay-type":"","overlay-color":"","overlay-gradient":""},"tablet":{"background-color":"","background-image":"","background-repeat":"repeat","background-position":"center center","background-size":"auto","background-attachment":"scroll","background-type":"","background-media":"","overlay-type":"","overlay-color":"","overlay-gradient":""},"mobile":{"background-color":"","background-image":"","background-repeat":"repeat","background-position":"center center","background-size":"auto","background-attachment":"scroll","background-type":"","background-media":"","overlay-type":"","overlay-color":"","overlay-gradient":""}},"ast-content-background-meta":{"desktop":{"background-color":"var(--ast-global-color-5)","background-image":"","background-repeat":"repeat","background-position":"center center","background-size":"auto","background-attachment":"scroll","background-type":"","background-media":"","overlay-type":"","overlay-color":"","overlay-gradient":""},"tablet":{"background-color":"var(--ast-global-color-5)","background-image":"","background-repeat":"repeat","background-position":"center center","background-size":"auto","background-attachment":"scroll","background-type":"","background-media":"","overlay-type":"","overlay-color":"","overlay-gradient":""},"mobile":{"background-color":"var(--ast-global-color-5)","background-image":"","background-repeat":"repeat","background-position":"center center","background-size":"auto","background-attachment":"scroll","background-type":"","background-media":"","overlay-type":"","overlay-color":"","overlay-gradient":""}}},"product_cat":[26],"product_tag":[],"yoast_head":"<!-- This site is optimized with the Yoast SEO plugin v22.2 - https:\/\/yoast.com\/wordpress\/plugins\/seo\/ -->\n<title>Persulfato de sodio - Tenminste SAC<\/title>\n<meta name=\"description\" content=\"El persulfato de sodio es el compuesto inorg\u00e1nico de f\u00f3rmula Na\u2082S\u2082O\u2088. Es la sal de sodio del \u00e1cido peroxidisulf\u00farico, H\u2082S\u2082O\u2088, un agente oxidante. Es un s\u00f3lido blanco que se disuelve en agua. Es casi no higrosc\u00f3pico y tiene una buena vida \u00fatil.\" \/>\n<meta name=\"robots\" content=\"index, follow, max-snippet:-1, max-image-preview:large, max-video-preview:-1\" \/>\n<link rel=\"canonical\" href=\"https:\/\/www.tenminste.com\/migracion\/index.php\/producto\/persulfato-de-sodio\/\" \/>\n<meta property=\"og:locale\" content=\"es_ES\" \/>\n<meta property=\"og:type\" content=\"article\" \/>\n<meta property=\"og:title\" content=\"Persulfato de sodio - Tenminste SAC\" \/>\n<meta property=\"og:description\" content=\"El persulfato de sodio es el compuesto inorg\u00e1nico de f\u00f3rmula Na\u2082S\u2082O\u2088. Es la sal de sodio del \u00e1cido peroxidisulf\u00farico, H\u2082S\u2082O\u2088, un agente oxidante. Es un s\u00f3lido blanco que se disuelve en agua. Es casi no higrosc\u00f3pico y tiene una buena vida \u00fatil.\" \/>\n<meta property=\"og:url\" content=\"https:\/\/www.tenminste.com\/migracion\/index.php\/producto\/persulfato-de-sodio\/\" \/>\n<meta property=\"og:site_name\" content=\"Tenminste SAC\" \/>\n<meta property=\"article:modified_time\" content=\"2024-06-04T13:08:40+00:00\" \/>\n<meta property=\"og:image\" content=\"https:\/\/www.tenminste.com\/migracion\/wp-content\/uploads\/2024\/04\/t_Persulfato_de_Sodio.jpg\" \/>\n\t<meta property=\"og:image:width\" content=\"600\" \/>\n\t<meta property=\"og:image:height\" content=\"600\" \/>\n\t<meta property=\"og:image:type\" content=\"image\/jpeg\" \/>\n<meta name=\"twitter:card\" content=\"summary_large_image\" \/>\n<meta name=\"twitter:label1\" content=\"Tiempo de lectura\" \/>\n\t<meta name=\"twitter:data1\" content=\"1 minuto\" \/>\n<script type=\"application\/ld+json\" class=\"yoast-schema-graph\">{\"@context\":\"https:\/\/schema.org\",\"@graph\":[{\"@type\":\"WebPage\",\"@id\":\"https:\/\/www.tenminste.com\/migracion\/index.php\/producto\/persulfato-de-sodio\/\",\"url\":\"https:\/\/www.tenminste.com\/migracion\/index.php\/producto\/persulfato-de-sodio\/\",\"name\":\"Persulfato de sodio - Tenminste SAC\",\"isPartOf\":{\"@id\":\"https:\/\/www.tenminste.com\/migracion\/#website\"},\"primaryImageOfPage\":{\"@id\":\"https:\/\/www.tenminste.com\/migracion\/index.php\/producto\/persulfato-de-sodio\/#primaryimage\"},\"image\":{\"@id\":\"https:\/\/www.tenminste.com\/migracion\/index.php\/producto\/persulfato-de-sodio\/#primaryimage\"},\"thumbnailUrl\":\"https:\/\/www.tenminste.com\/migracion\/wp-content\/uploads\/2024\/04\/t_Persulfato_de_Sodio.jpg\",\"datePublished\":\"2024-04-04T18:42:10+00:00\",\"dateModified\":\"2024-06-04T13:08:40+00:00\",\"description\":\"El persulfato de sodio es el compuesto inorg\u00e1nico de f\u00f3rmula Na\u2082S\u2082O\u2088. Es la sal de sodio del \u00e1cido peroxidisulf\u00farico, H\u2082S\u2082O\u2088, un agente oxidante. Es un s\u00f3lido blanco que se disuelve en agua. Es casi no higrosc\u00f3pico y tiene una buena vida \u00fatil.\",\"breadcrumb\":{\"@id\":\"https:\/\/www.tenminste.com\/migracion\/index.php\/producto\/persulfato-de-sodio\/#breadcrumb\"},\"inLanguage\":\"es\",\"potentialAction\":[{\"@type\":\"ReadAction\",\"target\":[\"https:\/\/www.tenminste.com\/migracion\/index.php\/producto\/persulfato-de-sodio\/\"]}]},{\"@type\":\"ImageObject\",\"inLanguage\":\"es\",\"@id\":\"https:\/\/www.tenminste.com\/migracion\/index.php\/producto\/persulfato-de-sodio\/#primaryimage\",\"url\":\"https:\/\/www.tenminste.com\/migracion\/wp-content\/uploads\/2024\/04\/t_Persulfato_de_Sodio.jpg\",\"contentUrl\":\"https:\/\/www.tenminste.com\/migracion\/wp-content\/uploads\/2024\/04\/t_Persulfato_de_Sodio.jpg\",\"width\":600,\"height\":600},{\"@type\":\"BreadcrumbList\",\"@id\":\"https:\/\/www.tenminste.com\/migracion\/index.php\/producto\/persulfato-de-sodio\/#breadcrumb\",\"itemListElement\":[{\"@type\":\"ListItem\",\"position\":1,\"name\":\"Portada\",\"item\":\"https:\/\/www.tenminste.com\/migracion\/\"},{\"@type\":\"ListItem\",\"position\":2,\"name\":\"Productos\",\"item\":\"https:\/\/www.tenminste.com\/migracion\/index.php\/tienda\/\"},{\"@type\":\"ListItem\",\"position\":3,\"name\":\"Persulfato de sodio\"}]},{\"@type\":\"WebSite\",\"@id\":\"https:\/\/www.tenminste.com\/migracion\/#website\",\"url\":\"https:\/\/www.tenminste.com\/migracion\/\",\"name\":\"Tenminste SAC\",\"description\":\"Somos una empresa peruana l\u00edder en importaci\u00f3n, comercializaci\u00f3n y distribuci\u00f3n de productos qu\u00edmicos. Cumplimos 29 a\u00f1os de \u00e9xito en el mercado y nos enorgullece ofrecer soluciones comerciales integrales a nivel nacional a toda escala para diferentes Industrias: tales c\u00f3mo la textil, lavander\u00eda, tintorer\u00eda, resinas, papel, cemento, pinturas arquitect\u00f3nicas, cosm\u00e9tica, construcci\u00f3n, entre otras. \",\"publisher\":{\"@id\":\"https:\/\/www.tenminste.com\/migracion\/#organization\"},\"potentialAction\":[{\"@type\":\"SearchAction\",\"target\":{\"@type\":\"EntryPoint\",\"urlTemplate\":\"https:\/\/www.tenminste.com\/migracion\/?s={search_term_string}\"},\"query-input\":\"required name=search_term_string\"}],\"inLanguage\":\"es\"},{\"@type\":\"Organization\",\"@id\":\"https:\/\/www.tenminste.com\/migracion\/#organization\",\"name\":\"Tenminste SAC\",\"url\":\"https:\/\/www.tenminste.com\/migracion\/\",\"logo\":{\"@type\":\"ImageObject\",\"inLanguage\":\"es\",\"@id\":\"https:\/\/www.tenminste.com\/migracion\/#\/schema\/logo\/image\/\",\"url\":\"https:\/\/www.tenminste.com\/migracion\/wp-content\/uploads\/2024\/06\/Log_Nuevaweb_2024_SAC__Logo_final.png\",\"contentUrl\":\"https:\/\/www.tenminste.com\/migracion\/wp-content\/uploads\/2024\/06\/Log_Nuevaweb_2024_SAC__Logo_final.png\",\"width\":234,\"height\":60,\"caption\":\"Tenminste SAC\"},\"image\":{\"@id\":\"https:\/\/www.tenminste.com\/migracion\/#\/schema\/logo\/image\/\"}}]}<\/script>\n<!-- \/ Yoast SEO plugin. -->","yoast_head_json":{"title":"Persulfato de sodio - Tenminste SAC","description":"El persulfato de sodio es el compuesto inorg\u00e1nico de f\u00f3rmula Na\u2082S\u2082O\u2088. Es la sal de sodio del \u00e1cido peroxidisulf\u00farico, H\u2082S\u2082O\u2088, un agente oxidante. Es un s\u00f3lido blanco que se disuelve en agua. Es casi no higrosc\u00f3pico y tiene una buena vida \u00fatil.","robots":{"index":"index","follow":"follow","max-snippet":"max-snippet:-1","max-image-preview":"max-image-preview:large","max-video-preview":"max-video-preview:-1"},"canonical":"https:\/\/www.tenminste.com\/migracion\/index.php\/producto\/persulfato-de-sodio\/","og_locale":"es_ES","og_type":"article","og_title":"Persulfato de sodio - Tenminste SAC","og_description":"El persulfato de sodio es el compuesto inorg\u00e1nico de f\u00f3rmula Na\u2082S\u2082O\u2088. Es la sal de sodio del \u00e1cido peroxidisulf\u00farico, H\u2082S\u2082O\u2088, un agente oxidante. Es un s\u00f3lido blanco que se disuelve en agua. Es casi no higrosc\u00f3pico y tiene una buena vida \u00fatil.","og_url":"https:\/\/www.tenminste.com\/migracion\/index.php\/producto\/persulfato-de-sodio\/","og_site_name":"Tenminste SAC","article_modified_time":"2024-06-04T13:08:40+00:00","og_image":[{"width":600,"height":600,"url":"https:\/\/www.tenminste.com\/migracion\/wp-content\/uploads\/2024\/04\/t_Persulfato_de_Sodio.jpg","type":"image\/jpeg"}],"twitter_card":"summary_large_image","twitter_misc":{"Tiempo de lectura":"1 minuto"},"schema":{"@context":"https:\/\/schema.org","@graph":[{"@type":"WebPage","@id":"https:\/\/www.tenminste.com\/migracion\/index.php\/producto\/persulfato-de-sodio\/","url":"https:\/\/www.tenminste.com\/migracion\/index.php\/producto\/persulfato-de-sodio\/","name":"Persulfato de sodio - Tenminste SAC","isPartOf":{"@id":"https:\/\/www.tenminste.com\/migracion\/#website"},"primaryImageOfPage":{"@id":"https:\/\/www.tenminste.com\/migracion\/index.php\/producto\/persulfato-de-sodio\/#primaryimage"},"image":{"@id":"https:\/\/www.tenminste.com\/migracion\/index.php\/producto\/persulfato-de-sodio\/#primaryimage"},"thumbnailUrl":"https:\/\/www.tenminste.com\/migracion\/wp-content\/uploads\/2024\/04\/t_Persulfato_de_Sodio.jpg","datePublished":"2024-04-04T18:42:10+00:00","dateModified":"2024-06-04T13:08:40+00:00","description":"El persulfato de sodio es el compuesto inorg\u00e1nico de f\u00f3rmula Na\u2082S\u2082O\u2088. Es la sal de sodio del \u00e1cido peroxidisulf\u00farico, H\u2082S\u2082O\u2088, un agente oxidante. Es un s\u00f3lido blanco que se disuelve en agua. Es casi no higrosc\u00f3pico y tiene una buena vida \u00fatil.","breadcrumb":{"@id":"https:\/\/www.tenminste.com\/migracion\/index.php\/producto\/persulfato-de-sodio\/#breadcrumb"},"inLanguage":"es","potentialAction":[{"@type":"ReadAction","target":["https:\/\/www.tenminste.com\/migracion\/index.php\/producto\/persulfato-de-sodio\/"]}]},{"@type":"ImageObject","inLanguage":"es","@id":"https:\/\/www.tenminste.com\/migracion\/index.php\/producto\/persulfato-de-sodio\/#primaryimage","url":"https:\/\/www.tenminste.com\/migracion\/wp-content\/uploads\/2024\/04\/t_Persulfato_de_Sodio.jpg","contentUrl":"https:\/\/www.tenminste.com\/migracion\/wp-content\/uploads\/2024\/04\/t_Persulfato_de_Sodio.jpg","width":600,"height":600},{"@type":"BreadcrumbList","@id":"https:\/\/www.tenminste.com\/migracion\/index.php\/producto\/persulfato-de-sodio\/#breadcrumb","itemListElement":[{"@type":"ListItem","position":1,"name":"Portada","item":"https:\/\/www.tenminste.com\/migracion\/"},{"@type":"ListItem","position":2,"name":"Productos","item":"https:\/\/www.tenminste.com\/migracion\/index.php\/tienda\/"},{"@type":"ListItem","position":3,"name":"Persulfato de sodio"}]},{"@type":"WebSite","@id":"https:\/\/www.tenminste.com\/migracion\/#website","url":"https:\/\/www.tenminste.com\/migracion\/","name":"Tenminste SAC","description":"Somos una empresa peruana l\u00edder en importaci\u00f3n, comercializaci\u00f3n y distribuci\u00f3n de productos qu\u00edmicos. Cumplimos 29 a\u00f1os de \u00e9xito en el mercado y nos enorgullece ofrecer soluciones comerciales integrales a nivel nacional a toda escala para diferentes Industrias: tales c\u00f3mo la textil, lavander\u00eda, tintorer\u00eda, resinas, papel, cemento, pinturas arquitect\u00f3nicas, cosm\u00e9tica, construcci\u00f3n, entre otras. ","publisher":{"@id":"https:\/\/www.tenminste.com\/migracion\/#organization"},"potentialAction":[{"@type":"SearchAction","target":{"@type":"EntryPoint","urlTemplate":"https:\/\/www.tenminste.com\/migracion\/?s={search_term_string}"},"query-input":"required name=search_term_string"}],"inLanguage":"es"},{"@type":"Organization","@id":"https:\/\/www.tenminste.com\/migracion\/#organization","name":"Tenminste SAC","url":"https:\/\/www.tenminste.com\/migracion\/","logo":{"@type":"ImageObject","inLanguage":"es","@id":"https:\/\/www.tenminste.com\/migracion\/#\/schema\/logo\/image\/","url":"https:\/\/www.tenminste.com\/migracion\/wp-content\/uploads\/2024\/06\/Log_Nuevaweb_2024_SAC__Logo_final.png","contentUrl":"https:\/\/www.tenminste.com\/migracion\/wp-content\/uploads\/2024\/06\/Log_Nuevaweb_2024_SAC__Logo_final.png","width":234,"height":60,"caption":"Tenminste SAC"},"image":{"@id":"https:\/\/www.tenminste.com\/migracion\/#\/schema\/logo\/image\/"}}]}},"_links":{"self":[{"href":"https:\/\/www.tenminste.com\/migracion\/index.php\/wp-json\/wp\/v2\/product\/1165"}],"collection":[{"href":"https:\/\/www.tenminste.com\/migracion\/index.php\/wp-json\/wp\/v2\/product"}],"about":[{"href":"https:\/\/www.tenminste.com\/migracion\/index.php\/wp-json\/wp\/v2\/types\/product"}],"wp:featuredmedia":[{"embeddable":true,"href":"https:\/\/www.tenminste.com\/migracion\/index.php\/wp-json\/wp\/v2\/media\/1672"}],"wp:attachment":[{"href":"https:\/\/www.tenminste.com\/migracion\/index.php\/wp-json\/wp\/v2\/media?parent=1165"}],"wp:term":[{"taxonomy":"product_cat","embeddable":true,"href":"https:\/\/www.tenminste.com\/migracion\/index.php\/wp-json\/wp\/v2\/product_cat?post=1165"},{"taxonomy":"product_tag","embeddable":true,"href":"https:\/\/www.tenminste.com\/migracion\/index.php\/wp-json\/wp\/v2\/product_tag?post=1165"}],"curies":[{"name":"wp","href":"https:\/\/api.w.org\/{rel}","templated":true}]}}